{"id":5409,"date":"2022-03-04T08:03:35","date_gmt":"2022-03-04T08:03:35","guid":{"rendered":"https:\/\/newprojectstracker.com\/blog\/?page_id=5409"},"modified":"2026-05-12T10:42:31","modified_gmt":"2026-05-12T10:42:31","slug":"midc-to-allot-235-plots-to-industries-at-ajang","status":"publish","type":"page","link":"https:\/\/www.newprojectstracker.com\/blog\/midc-to-allot-235-plots-to-industries-at-ajang\/","title":{"rendered":"MIDC to allot 235 plots to industries at Ajang"},"content":{"rendered":"<p><img class=\" wp-image-5410 aligncenter\" src=\"https:\/\/newprojectstracker.com\/blog\/wp-content\/uploads\/2022\/03\/MIDC-to-allot.jpg\" alt=\"\" width=\"390\" height=\"292\" \/><\/p>\n<p>At its new industrial park in Ajang, Malegaon taluka, the Maharashtra Industrial Development Corporation (MIDC) would allocate 235 industrial plots totaling 110 acres to businesses.<\/p>\n<p>MIDC is accepting submissions online through March 16th.<\/p>\n<p>According to MIDC authorities, once these plots are sold and firms begin the process of establishing factories there in the following two years, it is expected to provide employment for at least 5,000 people.<\/p>\n<p>The MIDC has begun assignment of plots for the second round.<\/p>\n<p>The MIDC had given 200 industrial plots to various firms in the first phase a few months ago, and they are anticipated to begin building of their manufacturing operations soon.<\/p>\n<p>&nbsp;<\/p>\n<div>\n<p>La r\u00e9putation de <a href='https:\/\/magicalspincasinos.net'>https:\/\/magicalspincasinos.net<\/a> repose sur une combinaison rare entre qualit\u00e9 visuelle et richesse fonctionnelle. Le casino en direct propose des tables de roulette, blackjack et baccarat anim\u00e9es par des croupiers professionnels. Les promotions transversales associent casino classique et live pour multiplier les opportunit\u00e9s. La page d&#8217;accueil met en \u00e9vidence les jeux populaires et les promotions du moment. Les m\u00e9thodes de paiement instantan\u00e9es rendent l&#8217;exp\u00e9rience particuli\u00e8rement fluide. Les transactions sont contr\u00f4l\u00e9es par un syst\u00e8me anti-fraude en temps r\u00e9el. Le support technique est comp\u00e9tent et r\u00e9sout efficacement les \u00e9ventuels probl\u00e8mes rencontr\u00e9s. Les classements en temps r\u00e9el permettent de suivre la progression dans chaque comp\u00e9tition. Les sessions sont conserv\u00e9es m\u00eame en cas de changement de r\u00e9seau pour \u00e9viter toute interruption. Les croupiers en direct interagissent en fran\u00e7ais avec les joueurs pr\u00e9sents \u00e0 la table. Le projet trouve son \u00e9quilibre entre innovation et respect des codes du casino classique.<\/p>\n<\/div>\n","protected":false},"excerpt":{"rendered":"<p>At its new industrial park in Ajang, Malegaon taluka, the Maharashtra Industrial Development Corporation (MIDC) would allocate 235 industrial plots totaling 110 acres to businesses. MIDC is accepting submissions online through March 16th&#8230;. <\/p>\n","protected":false},"author":3,"featured_media":5410,"parent":0,"menu_order":0,"comment_status":"closed","ping_status":"closed","template":"","meta":{"spay_email":""},"acf":[],"_links":{"self":[{"href":"https:\/\/www.newprojectstracker.com\/blog\/wp-json\/wp\/v2\/pages\/5409"}],"collection":[{"href":"https:\/\/www.newprojectstracker.com\/blog\/wp-json\/wp\/v2\/pages"}],"about":[{"href":"https:\/\/www.newprojectstracker.com\/blog\/wp-json\/wp\/v2\/types\/page"}],"author":[{"embeddable":true,"href":"https:\/\/www.newprojectstracker.com\/blog\/wp-json\/wp\/v2\/users\/3"}],"replies":[{"embeddable":true,"href":"https:\/\/www.newprojectstracker.com\/blog\/wp-json\/wp\/v2\/comments?post=5409"}],"version-history":[{"count":2,"href":"https:\/\/www.newprojectstracker.com\/blog\/wp-json\/wp\/v2\/pages\/5409\/revisions"}],"predecessor-version":[{"id":18737,"href":"https:\/\/www.newprojectstracker.com\/blog\/wp-json\/wp\/v2\/pages\/5409\/revisions\/18737"}],"wp:featuredmedia":[{"embeddable":true,"href":"https:\/\/www.newprojectstracker.com\/blog\/wp-json\/wp\/v2\/media\/5410"}],"wp:attachment":[{"href":"https:\/\/www.newprojectstracker.com\/blog\/wp-json\/wp\/v2\/media?parent=5409"}],"curies":[{"name":"wp","href":"https:\/\/api.w.org\/{rel}","templated":true}]}}